{"id":25,"date":"2022-11-30T16:08:40","date_gmt":"2022-11-30T16:08:40","guid":{"rendered":"http:\/\/dummy.xtemos.com\/woodmart2\/mega-electronics-elementor\/?page_id=25"},"modified":"2023-08-19T01:29:33","modified_gmt":"2023-08-19T01:29:33","slug":"promotions","status":"publish","type":"page","link":"https:\/\/laserfanatics.com\/index.php\/promotions\/","title":{"rendered":"F\u00f6rderung"},"content":{"rendered":"\t\t<div data-elementor-type=\"wp-page\" data-elementor-id=\"25\" class=\"elementor elementor-25\">\n\t\t\t\t\t\t\t\t\t<section class=\"wd-negative-gap elementor-section elementor-top-section elementor-element elementor-element-5699fe6 elementor-section-boxed elementor-section-height-default elementor-section-height-default wd-section-disabled\" data-id=\"5699fe6\" data-element_type=\"section\">\n\t\t\t\t\t\t<div class=\"elementor-container elementor-column-gap-default\">\n\t\t\t\t\t<div class=\"elementor-column elementor-col-100 elementor-top-column elementor-element elementor-element-8230b1f\" data-id=\"8230b1f\" data-element_type=\"column\">\n\t\t\t<div class=\"elementor-widget-wrap elementor-element-populated\">\n\t\t\t\t\t\t\t\t<div class=\"elementor-element elementor-element-a0a4eea elementor-widget elementor-widget-wd_title\" data-id=\"a0a4eea\" data-element_type=\"widget\" data-widget_type=\"wd_title.default\">\n\t\t\t\t<div class=\"elementor-widget-container\">\n\t\t\t\t\t<div class=\"title-wrapper set-mb-s reset-last-child wd-title-color-default wd-title-style-default wd-title-size-medium text-left\">\n\n\t\t\t\t\t\t\t<div class=\"title-subtitle subtitle-color-default subtitle-style-default wd-fontsize-xs\">\n\t\t\t\t\tW\u00c4HLEN SIE, WAS IHNEN GEF\u00c4LLT\t\t\t\t<\/div>\n\t\t\t\n\t\t\t<div class=\"liner-continer\">\n\t\t\t\t<h4 class=\"woodmart-title-container title wd-fontsize-xl\"><span style=\"font-family: arial, sans-serif;font-size: 28px;font-style: normal;font-weight: 400\">Sonderangebot<\/span><\/h4> \n\t\t\t\t\t\t\t<\/div>\n\n\t\t\t\t\t<\/div>\n\t\t\t\t<\/div>\n\t\t\t\t<\/div>\n\t\t\t\t\t<\/div>\n\t\t<\/div>\n\t\t\t\t\t\t\t<\/div>\n\t\t<\/section>\n\t\t\t\t<section class=\"wd-negative-gap elementor-section elementor-top-section elementor-element elementor-element-fbac055 elementor-section-boxed elementor-section-height-default elementor-section-height-default wd-section-disabled\" data-id=\"fbac055\" data-element_type=\"section\">\n\t\t\t\t\t\t<div class=\"elementor-container elementor-column-gap-default\">\n\t\t\t\t\t<div class=\"elementor-column elementor-col-33 elementor-top-column elementor-element elementor-element-ce62b12\" data-id=\"ce62b12\" data-element_type=\"column\">\n\t\t\t<div class=\"elementor-widget-wrap elementor-element-populated\">\n\t\t\t\t\t\t\t\t<div class=\"elementor-element elementor-element-6c16ad7 elementor-widget elementor-widget-wd_banner\" data-id=\"6c16ad7\" data-element_type=\"widget\" data-widget_type=\"wd_banner.default\">\n\t\t\t\t<div class=\"elementor-widget-container\">\n\t\t\t\t\t<div class=\"promo-banner-wrapper\">\n\t\t\t<div class=\"promo-banner banner-default banner-hover-zoom color-scheme-light banner-btn-size-default banner-btn-style-default with-btn banner-btn-position-hover cursor-pointer\" onclick=\"window.open('https:\/\/laserfanatics.com\/?post_type=product&#038;p=10661&#038;preview=true','_blank')\">\n\t\t\t\t<div class=\"main-wrapp-img\">\n\t\t\t\t\t<div class=\"banner-image\">\n\t\t\t\t\t\t\t\t\t\t\t\t\t<img loading=\"lazy\" decoding=\"async\" width=\"1500\" height=\"1500\" src=\"https:\/\/laserfanatics.com\/wp-content\/uploads\/2023\/08\/7149lg0fxEL._AC_SL1500_.jpg\" class=\"attachment-full size-full wp-image-10653\" alt=\"\" srcset=\"https:\/\/laserfanatics.com\/wp-content\/uploads\/2023\/08\/7149lg0fxEL._AC_SL1500_.jpg 1500w, https:\/\/laserfanatics.com\/wp-content\/uploads\/2023\/08\/7149lg0fxEL._AC_SL1500_-300x300.jpg 300w, https:\/\/laserfanatics.com\/wp-content\/uploads\/2023\/08\/7149lg0fxEL._AC_SL1500_-1024x1024.jpg 1024w, https:\/\/laserfanatics.com\/wp-content\/uploads\/2023\/08\/7149lg0fxEL._AC_SL1500_-150x150.jpg 150w, https:\/\/laserfanatics.com\/wp-content\/uploads\/2023\/08\/7149lg0fxEL._AC_SL1500_-768x768.jpg 768w, https:\/\/laserfanatics.com\/wp-content\/uploads\/2023\/08\/7149lg0fxEL._AC_SL1500_-1200x1200.jpg 1200w, https:\/\/laserfanatics.com\/wp-content\/uploads\/2023\/08\/7149lg0fxEL._AC_SL1500_-600x600.jpg 600w\" sizes=\"auto, (max-width: 1500px) 100vw, 1500px\" \/>\t\t\t\t\t\t\t\t\t\t\t<\/div>\n\t\t\t\t<\/div>\n\n\t\t\t\t<div class=\"wrapper-content-banner wd-fill wd-items-bottom wd-justify-left\">\n\t\t\t\t\t<div class=\"content-banner  text-left\">\n\t\t\t\t\t\t\t\t\t\t\t\t\t<div class=\"banner-subtitle subtitle-style-default subtitle-color-default wd-fontsize-xs\" data-elementor-setting-key=\"subtitle\">\n\t\t\t\t\t\t\t\t24 Juni - 2 Dec\t\t\t\t\t\t\t<\/div>\n\t\t\t\t\t\t\n\t\t\t\t\t\t\t\t\t\t\t\t\t<h4 class=\"banner-title wd-fontsize-l\" data-elementor-setting-key=\"title\">\n\t\t\t\t\t\t\t\tLaptop Shopping-Event\t\t\t\t\t\t\t<\/h4>\n\t\t\t\t\t\t\n\t\t\t\t\t\t\n\t\t\t\t\t\t\n\t\t\t\t\t\t\t\t\t\t\t\t\t<div class=\"banner-btn-wrapper\">\n\t\t\t\t\t\t\t\t\t\t<div class=\"wd-button-wrapper text-left\" >\n\t\t\t<a class=\"btn btn-style-default btn-style-semi-round btn-size-default btn-color-primary btn-icon-pos-right\" >\n\t\t\t\t<span class=\"wd-btn-text\" data-elementor-setting-key=\"text\">\n\t\t\t\t\tRead More\t\t\t\t<\/span>\n\n\t\t\t\t\t\t\t<\/a>\n\t\t<\/div>\n\t\t\t\t\t\t\t\t\t<\/div>\n\t\t\t\t\t\t\t\t\t\t\t<\/div>\n\t\t\t\t<\/div>\n\t\t\t<\/div>\n\t\t<\/div>\n\t\t\t\t<\/div>\n\t\t\t\t<\/div>\n\t\t\t\t\t<\/div>\n\t\t<\/div>\n\t\t\t\t<div class=\"elementor-column elementor-col-33 elementor-top-column elementor-element elementor-element-e8971aa\" data-id=\"e8971aa\" data-element_type=\"column\">\n\t\t\t<div class=\"elementor-widget-wrap elementor-element-populated\">\n\t\t\t\t\t\t\t\t<div class=\"elementor-element elementor-element-90783d2 elementor-widget elementor-widget-wd_banner\" data-id=\"90783d2\" data-element_type=\"widget\" data-widget_type=\"wd_banner.default\">\n\t\t\t\t<div class=\"elementor-widget-container\">\n\t\t\t\t\t<div class=\"promo-banner-wrapper\">\n\t\t\t<div class=\"promo-banner banner-default banner-hover-zoom color-scheme-light banner-btn-size-default banner-btn-style-default with-btn banner-btn-position-hover cursor-pointer\" onclick=\"window.open('https:\/\/laserfanatics.com\/?post_type=product&#038;p=10784&#038;preview=true','_blank')\">\n\t\t\t\t<div class=\"main-wrapp-img\">\n\t\t\t\t\t<div class=\"banner-image\">\n\t\t\t\t\t\t\t\t\t\t\t\t\t<img loading=\"lazy\" decoding=\"async\" width=\"1500\" height=\"1500\" src=\"https:\/\/laserfanatics.com\/wp-content\/uploads\/2023\/08\/71FfzsBJSgL._AC_SL1500_.jpg\" class=\"attachment-full size-full wp-image-10777\" alt=\"\" srcset=\"https:\/\/laserfanatics.com\/wp-content\/uploads\/2023\/08\/71FfzsBJSgL._AC_SL1500_.jpg 1500w, https:\/\/laserfanatics.com\/wp-content\/uploads\/2023\/08\/71FfzsBJSgL._AC_SL1500_-300x300.jpg 300w, https:\/\/laserfanatics.com\/wp-content\/uploads\/2023\/08\/71FfzsBJSgL._AC_SL1500_-1024x1024.jpg 1024w, https:\/\/laserfanatics.com\/wp-content\/uploads\/2023\/08\/71FfzsBJSgL._AC_SL1500_-150x150.jpg 150w, https:\/\/laserfanatics.com\/wp-content\/uploads\/2023\/08\/71FfzsBJSgL._AC_SL1500_-768x768.jpg 768w, https:\/\/laserfanatics.com\/wp-content\/uploads\/2023\/08\/71FfzsBJSgL._AC_SL1500_-1200x1200.jpg 1200w, https:\/\/laserfanatics.com\/wp-content\/uploads\/2023\/08\/71FfzsBJSgL._AC_SL1500_-600x600.jpg 600w\" sizes=\"auto, (max-width: 1500px) 100vw, 1500px\" \/>\t\t\t\t\t\t\t\t\t\t\t<\/div>\n\t\t\t\t<\/div>\n\n\t\t\t\t<div class=\"wrapper-content-banner wd-fill wd-items-bottom wd-justify-left\">\n\t\t\t\t\t<div class=\"content-banner  text-left\">\n\t\t\t\t\t\t\t\t\t\t\t\t\t<div class=\"banner-subtitle subtitle-style-default subtitle-color-default wd-fontsize-xs\" data-elementor-setting-key=\"subtitle\">\n\t\t\t\t\t\t\t\t10 Nov - 28 Nov \t\t\t\t\t\t\t<\/div>\n\t\t\t\t\t\t\n\t\t\t\t\t\t\t\t\t\t\t\t\t<h4 class=\"banner-title wd-fontsize-l\" data-elementor-setting-key=\"title\">\n\t\t\t\t\t\t\t\tDigitaler Bilderrahmen 10.1 Zoll vorbestellen\t\t\t\t\t\t\t<\/h4>\n\t\t\t\t\t\t\n\t\t\t\t\t\t\n\t\t\t\t\t\t\n\t\t\t\t\t\t\t\t\t\t\t\t\t<div class=\"banner-btn-wrapper\">\n\t\t\t\t\t\t\t\t\t\t<div class=\"wd-button-wrapper text-left\" >\n\t\t\t<a class=\"btn btn-style-default btn-style-semi-round btn-size-default btn-color-primary btn-icon-pos-right\" >\n\t\t\t\t<span class=\"wd-btn-text\" data-elementor-setting-key=\"text\">\n\t\t\t\t\tRead More\t\t\t\t<\/span>\n\n\t\t\t\t\t\t\t<\/a>\n\t\t<\/div>\n\t\t\t\t\t\t\t\t\t<\/div>\n\t\t\t\t\t\t\t\t\t\t\t<\/div>\n\t\t\t\t<\/div>\n\t\t\t<\/div>\n\t\t<\/div>\n\t\t\t\t<\/div>\n\t\t\t\t<\/div>\n\t\t\t\t\t<\/div>\n\t\t<\/div>\n\t\t\t\t<div class=\"elementor-column elementor-col-33 elementor-top-column elementor-element elementor-element-0704fbc\" data-id=\"0704fbc\" data-element_type=\"column\">\n\t\t\t<div class=\"elementor-widget-wrap elementor-element-populated\">\n\t\t\t\t\t\t\t\t<div class=\"elementor-element elementor-element-ad98169 elementor-widget elementor-widget-wd_banner\" data-id=\"ad98169\" data-element_type=\"widget\" data-widget_type=\"wd_banner.default\">\n\t\t\t\t<div class=\"elementor-widget-container\">\n\t\t\t\t\t<div class=\"promo-banner-wrapper\">\n\t\t\t<div class=\"promo-banner banner-default banner-hover-zoom color-scheme-light banner-btn-size-default banner-btn-style-default with-btn banner-btn-position-hover cursor-pointer\" onclick=\"window.open('https:\/\/laserfanatics.com\/?post_type=product&#038;p=10314&#038;preview=true','_blank')\">\n\t\t\t\t<div class=\"main-wrapp-img\">\n\t\t\t\t\t<div class=\"banner-image\">\n\t\t\t\t\t\t\t\t\t\t\t\t\t<img loading=\"lazy\" decoding=\"async\" width=\"1040\" height=\"872\" src=\"https:\/\/laserfanatics.com\/wp-content\/uploads\/2023\/08\/51d6zDJZYL._AC_SL1310_.jpg\" class=\"attachment-full size-full wp-image-10294\" alt=\"\" srcset=\"https:\/\/laserfanatics.com\/wp-content\/uploads\/2023\/08\/51d6zDJZYL._AC_SL1310_.jpg 1040w, https:\/\/laserfanatics.com\/wp-content\/uploads\/2023\/08\/51d6zDJZYL._AC_SL1310_-300x252.jpg 300w, https:\/\/laserfanatics.com\/wp-content\/uploads\/2023\/08\/51d6zDJZYL._AC_SL1310_-1024x859.jpg 1024w, https:\/\/laserfanatics.com\/wp-content\/uploads\/2023\/08\/51d6zDJZYL._AC_SL1310_-768x644.jpg 768w, https:\/\/laserfanatics.com\/wp-content\/uploads\/2023\/08\/51d6zDJZYL._AC_SL1310_-150x126.jpg 150w\" sizes=\"auto, (max-width: 1040px) 100vw, 1040px\" \/>\t\t\t\t\t\t\t\t\t\t\t<\/div>\n\t\t\t\t<\/div>\n\n\t\t\t\t<div class=\"wrapper-content-banner wd-fill wd-items-bottom wd-justify-left\">\n\t\t\t\t\t<div class=\"content-banner  text-left\">\n\t\t\t\t\t\t\t\t\t\t\t\t\t<div class=\"banner-subtitle subtitle-style-default subtitle-color-default wd-fontsize-xs\" data-elementor-setting-key=\"subtitle\">\n\t\t\t\t\t\t\t\t10 Sep - 28 Sep \t\t\t\t\t\t\t<\/div>\n\t\t\t\t\t\t\n\t\t\t\t\t\t\t\t\t\t\t\t\t<h4 class=\"banner-title wd-fontsize-l\" data-elementor-setting-key=\"title\">\n\t\t\t\t\t\t\t\tBis zu 25 % Rabatt auf alle Autozubeh\u00f6rteile\t\t\t\t\t\t\t<\/h4>\n\t\t\t\t\t\t\n\t\t\t\t\t\t\n\t\t\t\t\t\t\n\t\t\t\t\t\t\t\t\t\t\t\t\t<div class=\"banner-btn-wrapper\">\n\t\t\t\t\t\t\t\t\t\t<div class=\"wd-button-wrapper text-left\" >\n\t\t\t<a class=\"btn btn-style-default btn-style-semi-round btn-size-default btn-color-primary btn-icon-pos-right\" >\n\t\t\t\t<span class=\"wd-btn-text\" data-elementor-setting-key=\"text\">\n\t\t\t\t\tRead More\t\t\t\t<\/span>\n\n\t\t\t\t\t\t\t<\/a>\n\t\t<\/div>\n\t\t\t\t\t\t\t\t\t<\/div>\n\t\t\t\t\t\t\t\t\t\t\t<\/div>\n\t\t\t\t<\/div>\n\t\t\t<\/div>\n\t\t<\/div>\n\t\t\t\t<\/div>\n\t\t\t\t<\/div>\n\t\t\t\t\t<\/div>\n\t\t<\/div>\n\t\t\t\t\t\t\t<\/div>\n\t\t<\/section>\n\t\t\t\t<section class=\"wd-negative-gap elementor-section elementor-top-section elementor-element elementor-element-a92019c elementor-section-boxed elementor-section-height-default elementor-section-height-default wd-section-disabled\" data-id=\"a92019c\" data-element_type=\"section\">\n\t\t\t\t\t\t<div class=\"elementor-container elementor-column-gap-default\">\n\t\t\t\t\t<div class=\"elementor-column elementor-col-33 elementor-top-column elementor-element elementor-element-dee26cb\" data-id=\"dee26cb\" data-element_type=\"column\">\n\t\t\t<div class=\"elementor-widget-wrap elementor-element-populated\">\n\t\t\t\t\t\t\t\t<div class=\"elementor-element elementor-element-82b8bfe elementor-widget elementor-widget-wd_banner\" data-id=\"82b8bfe\" data-element_type=\"widget\" data-widget_type=\"wd_banner.default\">\n\t\t\t\t<div class=\"elementor-widget-container\">\n\t\t\t\t\t<div class=\"promo-banner-wrapper\">\n\t\t\t<div class=\"promo-banner banner-default banner-hover-zoom color-scheme-light banner-btn-size-default banner-btn-style-default with-btn banner-btn-position-hover cursor-pointer\" onclick=\"window.open('https:\/\/laserfanatics.com\/?post_type=product&#038;p=10601&#038;preview=true','_blank')\">\n\t\t\t\t<div class=\"main-wrapp-img\">\n\t\t\t\t\t<div class=\"banner-image\">\n\t\t\t\t\t\t\t\t\t\t\t\t\t<img loading=\"lazy\" decoding=\"async\" width=\"1500\" height=\"1500\" src=\"https:\/\/laserfanatics.com\/wp-content\/uploads\/2023\/08\/61QhD88SeVL._AC_SL1500_.jpg\" class=\"attachment-full size-full wp-image-10589\" alt=\"\" srcset=\"https:\/\/laserfanatics.com\/wp-content\/uploads\/2023\/08\/61QhD88SeVL._AC_SL1500_.jpg 1500w, https:\/\/laserfanatics.com\/wp-content\/uploads\/2023\/08\/61QhD88SeVL._AC_SL1500_-300x300.jpg 300w, https:\/\/laserfanatics.com\/wp-content\/uploads\/2023\/08\/61QhD88SeVL._AC_SL1500_-1024x1024.jpg 1024w, https:\/\/laserfanatics.com\/wp-content\/uploads\/2023\/08\/61QhD88SeVL._AC_SL1500_-150x150.jpg 150w, https:\/\/laserfanatics.com\/wp-content\/uploads\/2023\/08\/61QhD88SeVL._AC_SL1500_-768x768.jpg 768w, https:\/\/laserfanatics.com\/wp-content\/uploads\/2023\/08\/61QhD88SeVL._AC_SL1500_-1200x1200.jpg 1200w, https:\/\/laserfanatics.com\/wp-content\/uploads\/2023\/08\/61QhD88SeVL._AC_SL1500_-600x600.jpg 600w\" sizes=\"auto, (max-width: 1500px) 100vw, 1500px\" \/>\t\t\t\t\t\t\t\t\t\t\t<\/div>\n\t\t\t\t<\/div>\n\n\t\t\t\t<div class=\"wrapper-content-banner wd-fill wd-items-bottom wd-justify-left\">\n\t\t\t\t\t<div class=\"content-banner  text-left\">\n\t\t\t\t\t\t\t\t\t\t\t\t\t<div class=\"banner-subtitle subtitle-style-default subtitle-color-default wd-fontsize-xs\" data-elementor-setting-key=\"subtitle\">\n\t\t\t\t\t\t\t\t20 oct - 05 nov\t\t\t\t\t\t\t<\/div>\n\t\t\t\t\t\t\n\t\t\t\t\t\t\t\t\t\t\t\t\t<h4 class=\"banner-title wd-fontsize-l\" data-elementor-setting-key=\"title\">\n\t\t\t\t\t\t\t\t3 Grade DPI Mouse\t\t\t\t\t\t\t<\/h4>\n\t\t\t\t\t\t\n\t\t\t\t\t\t\n\t\t\t\t\t\t\n\t\t\t\t\t\t\t\t\t\t\t\t\t<div class=\"banner-btn-wrapper\">\n\t\t\t\t\t\t\t\t\t\t<div class=\"wd-button-wrapper text-left\" >\n\t\t\t<a class=\"btn btn-style-default btn-style-semi-round btn-size-default btn-color-primary btn-icon-pos-right\" >\n\t\t\t\t<span class=\"wd-btn-text\" data-elementor-setting-key=\"text\">\n\t\t\t\t\tRead More\t\t\t\t<\/span>\n\n\t\t\t\t\t\t\t<\/a>\n\t\t<\/div>\n\t\t\t\t\t\t\t\t\t<\/div>\n\t\t\t\t\t\t\t\t\t\t\t<\/div>\n\t\t\t\t<\/div>\n\t\t\t<\/div>\n\t\t<\/div>\n\t\t\t\t<\/div>\n\t\t\t\t<\/div>\n\t\t\t\t\t<\/div>\n\t\t<\/div>\n\t\t\t\t<div class=\"elementor-column elementor-col-33 elementor-top-column elementor-element elementor-element-bb24dbc\" data-id=\"bb24dbc\" data-element_type=\"column\">\n\t\t\t<div class=\"elementor-widget-wrap elementor-element-populated\">\n\t\t\t\t\t\t\t\t<div class=\"elementor-element elementor-element-93f7855 elementor-widget elementor-widget-wd_banner\" data-id=\"93f7855\" data-element_type=\"widget\" data-widget_type=\"wd_banner.default\">\n\t\t\t\t<div class=\"elementor-widget-container\">\n\t\t\t\t\t<div class=\"promo-banner-wrapper\">\n\t\t\t<div class=\"promo-banner banner-default banner-hover-zoom color-scheme-light banner-btn-size-default banner-btn-style-default with-btn banner-btn-position-hover cursor-pointer\" onclick=\"window.open('https:\/\/laserfanatics.com\/?post_type=product&#038;p=10314&#038;preview=true','_blank')\">\n\t\t\t\t<div class=\"main-wrapp-img\">\n\t\t\t\t\t<div class=\"banner-image\">\n\t\t\t\t\t\t\t\t\t\t\t\t\t<img loading=\"lazy\" decoding=\"async\" width=\"1310\" height=\"1310\" src=\"https:\/\/laserfanatics.com\/wp-content\/uploads\/2023\/08\/712FGTG9A4L._AC_SL1310_.jpg\" class=\"attachment-full size-full wp-image-10312\" alt=\"\" srcset=\"https:\/\/laserfanatics.com\/wp-content\/uploads\/2023\/08\/712FGTG9A4L._AC_SL1310_.jpg 1310w, https:\/\/laserfanatics.com\/wp-content\/uploads\/2023\/08\/712FGTG9A4L._AC_SL1310_-300x300.jpg 300w, https:\/\/laserfanatics.com\/wp-content\/uploads\/2023\/08\/712FGTG9A4L._AC_SL1310_-1024x1024.jpg 1024w, https:\/\/laserfanatics.com\/wp-content\/uploads\/2023\/08\/712FGTG9A4L._AC_SL1310_-150x150.jpg 150w, https:\/\/laserfanatics.com\/wp-content\/uploads\/2023\/08\/712FGTG9A4L._AC_SL1310_-768x768.jpg 768w, https:\/\/laserfanatics.com\/wp-content\/uploads\/2023\/08\/712FGTG9A4L._AC_SL1310_-1200x1200.jpg 1200w, https:\/\/laserfanatics.com\/wp-content\/uploads\/2023\/08\/712FGTG9A4L._AC_SL1310_-600x600.jpg 600w\" sizes=\"auto, (max-width: 1310px) 100vw, 1310px\" \/>\t\t\t\t\t\t\t\t\t\t\t<\/div>\n\t\t\t\t<\/div>\n\n\t\t\t\t<div class=\"wrapper-content-banner wd-fill wd-items-bottom wd-justify-left\">\n\t\t\t\t\t<div class=\"content-banner  text-left\">\n\t\t\t\t\t\t\t\t\t\t\t\t\t<div class=\"banner-subtitle subtitle-style-default subtitle-color-default wd-fontsize-xs\" data-elementor-setting-key=\"subtitle\">\n\t\t\t\t\t\t\t\t15 oct - 25 oct \t\t\t\t\t\t\t<\/div>\n\t\t\t\t\t\t\n\t\t\t\t\t\t\t\t\t\t\t\t\t<h4 class=\"banner-title wd-fontsize-l\" data-elementor-setting-key=\"title\">\n\t\t\t\t\t\t\t\tAnkunftszeit\t\t\t\t\t\t\t<\/h4>\n\t\t\t\t\t\t\n\t\t\t\t\t\t\n\t\t\t\t\t\t\n\t\t\t\t\t\t\t\t\t\t\t\t\t<div class=\"banner-btn-wrapper\">\n\t\t\t\t\t\t\t\t\t\t<div class=\"wd-button-wrapper text-left\" >\n\t\t\t<a class=\"btn btn-style-default btn-style-semi-round btn-size-default btn-color-primary btn-icon-pos-right\" >\n\t\t\t\t<span class=\"wd-btn-text\" data-elementor-setting-key=\"text\">\n\t\t\t\t\tRead More\t\t\t\t<\/span>\n\n\t\t\t\t\t\t\t<\/a>\n\t\t<\/div>\n\t\t\t\t\t\t\t\t\t<\/div>\n\t\t\t\t\t\t\t\t\t\t\t<\/div>\n\t\t\t\t<\/div>\n\t\t\t<\/div>\n\t\t<\/div>\n\t\t\t\t<\/div>\n\t\t\t\t<\/div>\n\t\t\t\t\t<\/div>\n\t\t<\/div>\n\t\t\t\t<div class=\"elementor-column elementor-col-33 elementor-top-column elementor-element elementor-element-7cd8d4a\" data-id=\"7cd8d4a\" data-element_type=\"column\">\n\t\t\t<div class=\"elementor-widget-wrap elementor-element-populated\">\n\t\t\t\t\t\t\t\t<div class=\"elementor-element elementor-element-e482021 elementor-widget elementor-widget-wd_banner\" data-id=\"e482021\" data-element_type=\"widget\" data-widget_type=\"wd_banner.default\">\n\t\t\t\t<div class=\"elementor-widget-container\">\n\t\t\t\t\t<div class=\"promo-banner-wrapper\">\n\t\t\t<div class=\"promo-banner banner-default banner-hover-zoom color-scheme-light banner-btn-size-default banner-btn-style-default with-btn banner-btn-position-hover cursor-pointer\" onclick=\"window.open('https:\/\/laserfanatics.com\/?post_type=product&#038;p=10160&#038;preview=true','_blank')\">\n\t\t\t\t<div class=\"main-wrapp-img\">\n\t\t\t\t\t<div class=\"banner-image\">\n\t\t\t\t\t\t\t\t\t\t\t\t\t<img loading=\"lazy\" decoding=\"async\" width=\"1500\" height=\"1500\" src=\"https:\/\/laserfanatics.com\/wp-content\/uploads\/2023\/08\/71a76BGFBuL._AC_SL1500_.jpg\" class=\"attachment-full size-full wp-image-10150\" alt=\"\" srcset=\"https:\/\/laserfanatics.com\/wp-content\/uploads\/2023\/08\/71a76BGFBuL._AC_SL1500_.jpg 1500w, https:\/\/laserfanatics.com\/wp-content\/uploads\/2023\/08\/71a76BGFBuL._AC_SL1500_-300x300.jpg 300w, https:\/\/laserfanatics.com\/wp-content\/uploads\/2023\/08\/71a76BGFBuL._AC_SL1500_-1024x1024.jpg 1024w, https:\/\/laserfanatics.com\/wp-content\/uploads\/2023\/08\/71a76BGFBuL._AC_SL1500_-150x150.jpg 150w, https:\/\/laserfanatics.com\/wp-content\/uploads\/2023\/08\/71a76BGFBuL._AC_SL1500_-768x768.jpg 768w, https:\/\/laserfanatics.com\/wp-content\/uploads\/2023\/08\/71a76BGFBuL._AC_SL1500_-1200x1200.jpg 1200w, https:\/\/laserfanatics.com\/wp-content\/uploads\/2023\/08\/71a76BGFBuL._AC_SL1500_-600x600.jpg 600w\" sizes=\"auto, (max-width: 1500px) 100vw, 1500px\" \/>\t\t\t\t\t\t\t\t\t\t\t<\/div>\n\t\t\t\t<\/div>\n\n\t\t\t\t<div class=\"wrapper-content-banner wd-fill wd-items-bottom wd-justify-left\">\n\t\t\t\t\t<div class=\"content-banner  text-left\">\n\t\t\t\t\t\t\t\t\t\t\t\t\t<div class=\"banner-subtitle subtitle-style-default subtitle-color-default wd-fontsize-xs\" data-elementor-setting-key=\"subtitle\">\n\t\t\t\t\t\t\t\t12 oct - 20 oct \t\t\t\t\t\t\t<\/div>\n\t\t\t\t\t\t\n\t\t\t\t\t\t\t\t\t\t\t\t\t<h4 class=\"banner-title wd-fontsize-l\" data-elementor-setting-key=\"title\">\n\t\t\t\t\t\t\t\tAlexa built-in Navi\t\t\t\t\t\t\t<\/h4>\n\t\t\t\t\t\t\n\t\t\t\t\t\t\n\t\t\t\t\t\t\n\t\t\t\t\t\t\t\t\t\t\t\t\t<div class=\"banner-btn-wrapper\">\n\t\t\t\t\t\t\t\t\t\t<div class=\"wd-button-wrapper text-left\" >\n\t\t\t<a class=\"btn btn-style-default btn-style-semi-round btn-size-default btn-color-primary btn-icon-pos-right\" >\n\t\t\t\t<span class=\"wd-btn-text\" data-elementor-setting-key=\"text\">\n\t\t\t\t\tRead More\t\t\t\t<\/span>\n\n\t\t\t\t\t\t\t<\/a>\n\t\t<\/div>\n\t\t\t\t\t\t\t\t\t<\/div>\n\t\t\t\t\t\t\t\t\t\t\t<\/div>\n\t\t\t\t<\/div>\n\t\t\t<\/div>\n\t\t<\/div>\n\t\t\t\t<\/div>\n\t\t\t\t<\/div>\n\t\t\t\t\t<\/div>\n\t\t<\/div>\n\t\t\t\t\t\t\t<\/div>\n\t\t<\/section>\n\t\t\t\t<section class=\"wd-negative-gap elementor-section elementor-top-section elementor-element elementor-element-4f6d4ed elementor-section-boxed elementor-section-height-default elementor-section-height-default wd-section-disabled\" data-id=\"4f6d4ed\" data-element_type=\"section\" data-settings=\"{&quot;background_background&quot;:&quot;classic&quot;}\">\n\t\t\t\t\t\t<div class=\"elementor-container elementor-column-gap-default\">\n\t\t\t\t\t<div class=\"elementor-column elementor-col-100 elementor-top-column elementor-element elementor-element-c8e5a25 wd-collapsible-content\" data-id=\"c8e5a25\" data-element_type=\"column\">\n\t\t\t<div class=\"elementor-widget-wrap elementor-element-populated\">\n\t\t\t\t\t\t\t\t<div class=\"elementor-element elementor-element-3dbce97 elementor-widget elementor-widget-wd_title\" data-id=\"3dbce97\" data-element_type=\"widget\" data-widget_type=\"wd_title.default\">\n\t\t\t\t<div class=\"elementor-widget-container\">\n\t\t\t\t\t<div class=\"title-wrapper set-mb-s reset-last-child wd-title-color-default wd-title-style-default wd-title-size-default text-left\">\n\n\t\t\t\n\t\t\t<div class=\"liner-continer\">\n\t\t\t\t<h4 class=\"woodmart-title-container title wd-fontsize-l\">Online-Shop f\u00fcr Haushaltsger\u00e4te und Elektronik<\/h4> \n\t\t\t\t\t\t\t<\/div>\n\n\t\t\t\t\t<\/div>\n\t\t\t\t<\/div>\n\t\t\t\t<\/div>\n\t\t\t\t<div class=\"elementor-element elementor-element-ae1e46b elementor-widget elementor-widget-wd_text_block\" data-id=\"ae1e46b\" data-element_type=\"widget\" data-widget_type=\"wd_text_block.default\">\n\t\t\t\t<div class=\"elementor-widget-container\">\n\t\t\t\t\t<div class=\"wd-text-block reset-last-child text-left\">\n\t\t\t\n\t\t\t<h3>Wir liefern, was Sie brauchen, wenn Sie es brauchen<\/h3><p>Unsere Eink\u00e4ufer und Produktmanager sind st\u00e4ndig f\u00fcr Sie auf der Suche nach erstklassigen Produkten international renommierter Hersteller, damit Sie immer auf beste Qualit\u00e4t zur\u00fcckgreifen k\u00f6nnen. Profitieren Sie von unserer langen Erfahrung in der Belieferung gewerblicher und industrieller Kunden und der L\u00f6sung der damit verbundenen Herausforderungen. Rufen Sie uns an wenn Sie eine Projektofferte ben\u00f6tigen, technischen Support m\u00f6chten oder eine andere R\u00fcckfrage haben.<\/p><p>Laserfanatics ist immer f\u00fcr Sie da<\/p>\n\t\t\t\t\t<\/div>\n\t\t\t\t<\/div>\n\t\t\t\t<\/div>\n\t\t\t\t<div class=\"elementor-element elementor-element-7bf3d1d elementor-widget elementor-widget-wd_button\" data-id=\"7bf3d1d\" data-element_type=\"widget\" data-widget_type=\"wd_button.default\">\n\t\t\t\t<div class=\"elementor-widget-container\">\n\t\t\t\t\t<div class=\"wd-button-wrapper text-left wd-collapsible-button\" >\n\t\t\t<a class=\"btn btn-style-default btn-style-semi-round btn-size-small btn-color-default btn-icon-pos-right\"  href=\"#\">\n\t\t\t\t<span class=\"wd-btn-text\" data-elementor-setting-key=\"text\">\n\t\t\t\t\tRead More\t\t\t\t<\/span>\n\n\t\t\t\t\t\t\t\t\t<span class=\"wd-btn-icon\">\n\t\t\t\t\t\t<img loading=\"lazy\" decoding=\"async\"  src=\"https:\/\/laserfanatics.com\/wp-content\/uploads\/2023\/01\/chevron-down-black.svg\" title=\"chevron-down-black\" width=\"14\" height=\"14\">\t\t\t\t\t<\/span>\n\t\t\t\t\t\t\t<\/a>\n\t\t<\/div>\n\t\t\t\t<\/div>\n\t\t\t\t<\/div>\n\t\t\t\t\t<\/div>\n\t\t<\/div>\n\t\t\t\t\t\t\t<\/div>\n\t\t<\/section>\n\t\t\t\t<section class=\"wd-negative-gap elementor-section elementor-top-section elementor-element elementor-element-bf239ac elementor-section-boxed elementor-section-height-default elementor-section-height-default wd-section-disabled\" data-id=\"bf239ac\" data-element_type=\"section\">\n\t\t\t\t\t\t<div class=\"elementor-container elementor-column-gap-default\">\n\t\t\t\t\t<div class=\"elementor-column elementor-col-100 elementor-top-column elementor-element elementor-element-03930c3\" data-id=\"03930c3\" data-element_type=\"column\">\n\t\t\t<div class=\"elementor-widget-wrap elementor-element-populated\">\n\t\t\t\t\t\t\t\t\t<\/div>\n\t\t<\/div>\n\t\t\t\t\t\t\t<\/div>\n\t\t<\/section>\n\t\t\t\t\t\t\t<\/div>\n\t\t","protected":false},"excerpt":{"rendered":"<p>W\u00c4HLEN SIE, WAS IHNEN GEF\u00c4LLT Sonderangebot 24 Juni &#8211; 2 Dec Laptop Shopping-Event Read More 10 Nov &#8211; 28 Nov<\/p>\n","protected":false},"author":1,"featured_media":0,"parent":0,"menu_order":0,"comment_status":"closed","ping_status":"closed","template":"","meta":{"footnotes":""},"class_list":["post-25","page","type-page","status-publish","hentry"],"_links":{"self":[{"href":"https:\/\/laserfanatics.com\/index.php\/wp-json\/wp\/v2\/pages\/25","targetHints":{"allow":["GET"]}}],"collection":[{"href":"https:\/\/laserfanatics.com\/index.php\/wp-json\/wp\/v2\/pages"}],"about":[{"href":"https:\/\/laserfanatics.com\/index.php\/wp-json\/wp\/v2\/types\/page"}],"author":[{"embeddable":true,"href":"https:\/\/laserfanatics.com\/index.php\/wp-json\/wp\/v2\/users\/1"}],"replies":[{"embeddable":true,"href":"https:\/\/laserfanatics.com\/index.php\/wp-json\/wp\/v2\/comments?post=25"}],"version-history":[{"count":56,"href":"https:\/\/laserfanatics.com\/index.php\/wp-json\/wp\/v2\/pages\/25\/revisions"}],"predecessor-version":[{"id":10998,"href":"https:\/\/laserfanatics.com\/index.php\/wp-json\/wp\/v2\/pages\/25\/revisions\/10998"}],"wp:attachment":[{"href":"https:\/\/laserfanatics.com\/index.php\/wp-json\/wp\/v2\/media?parent=25"}],"curies":[{"name":"wp","href":"https:\/\/api.w.org\/{rel}","templated":true}]}}