{"id":10107,"date":"2023-08-15T00:14:44","date_gmt":"2023-08-15T00:14:44","guid":{"rendered":"https:\/\/laserfanatics.com\/?post_type=product&#038;p=10107"},"modified":"2026-02-06T11:43:12","modified_gmt":"2026-02-06T09:43:12","slug":"garmin-camper-780-mt-d-eu-mit-garmin-bc-40-ruckfahrkamera-navi-fur-wohnmobile-wohnwagen-695-177-cm","status":"publish","type":"product","link":"https:\/\/laserfanatics.com\/index.php\/product\/garmin-camper-780-mt-d-eu-mit-garmin-bc-40-ruckfahrkamera-navi-fur-wohnmobile-wohnwagen-695-177-cm\/","title":{"rendered":"Garmin Camper 780 MT-D EU mit Garmin BC 40 R\u00fcckfahrkamera \u2013 Navi f\u00fcr Wohnmobile &amp; Wohnw\u00e4gen, 6,95\u201c (17,7 cm)"},"content":{"rendered":"<div style=\"width: 640px;\" class=\"wp-video\"><video class=\"wp-video-shortcode\" id=\"video-10107-1\" width=\"640\" height=\"360\" preload=\"metadata\" controls=\"controls\"><source type=\"video\/mp4\" src=\"https:\/\/m.media-amazon.com\/images\/S\/vse-vms-transcoding-artifact-eu-west-1-prod\/5e14bcc5-2b5f-46ed-966b-155e17964fc7\/default.jobtemplate.mp4.480.mp4?_=1\" \/><a href=\"https:\/\/m.media-amazon.com\/images\/S\/vse-vms-transcoding-artifact-eu-west-1-prod\/5e14bcc5-2b5f-46ed-966b-155e17964fc7\/default.jobtemplate.mp4.480.mp4\">https:\/\/m.media-amazon.com\/images\/S\/vse-vms-transcoding-artifact-eu-west-1-prod\/5e14bcc5-2b5f-46ed-966b-155e17964fc7\/default.jobtemplate.mp4.480.mp4<\/a><\/video><\/div>\n<div id=\"productDescription\" class=\"a-section a-spacing-small\">\n<ul>\n<li class=\"a-spacing-mini\"><span class=\"a-list-item\">HABEN SIE IHRE ROUTE OPTIMAL IM BLICK: Der Camper 780 MT-D EU mit gro\u00dfem, rahmenlosen 6,95\u201c (17,7 cm) Multitouch-Glasdisplay zeigt Karten und Hinweise in Hochaufl\u00f6sung. Das Farbdisplay ist in jederzeit sehr gut ablesbar <\/span><\/li>\n<li class=\"a-spacing-mini\"><span class=\"a-list-item\"> NAVIGIEREN SIE SOUVER\u00c4N: Mit Detailkarten von 46 europ\u00e4ischen L\u00e4ndern (Details siehe Produktbeschreibung), vielen Geb\u00e4uden und Gel\u00e4ndemerkmalen in 3D sowie TripAdvisor POIs. Inklusive Karten-Updates \u00fcber das integrierte WLAN <\/span><\/li>\n<li class=\"a-spacing-mini\"><span class=\"a-list-item\"> SEHEN SIE, WAS HINTER IHNEN PASSIERT: Die mitgelieferte BC 40 wird durch ein einfaches Einklicken in die mitgelieferte Nummernschildhalterung befestigt. Es sind Nummernschilder mit den Ma\u00dfen 52 x 11 cm und 52 x 12 cm kompatibel (siehe nachfolgende Kompatibilit\u00e4t) <\/span><\/li>\n<li class=\"a-spacing-mini\"><span class=\"a-list-item\"> L\u00c4NDER-KOMPATIBILIT\u00c4T: Die enthaltene Nummernschildhalterung ist mit KFZ-Kennzeichen folgender L\u00e4nder kompatibel: Deutschland, Gro\u00dfbritannien, Luxemburg, Niederlande, Norwegen, Polen, Portugal, Schweden, Slowakei, Spanien, Tschechien, \u00d6sterreich, Ungarn, Kroatien <\/span><\/li>\n<li class=\"a-spacing-mini\"><span class=\"a-list-item\"> FAHREN SIE BEWUSSTER UND SICHERER: Die fahrzeugspezifische Routenf\u00fchrung ber\u00fccksichtigt die individuellen Abmessungen und das Gewicht Ihres Fahrzeugs. Die Fahrerassistenz warnt Sie vor Gef\u00e4lle\/Steigung, scharfen Kurven und Gewichts- und H\u00f6henlimits <\/span><\/li>\n<li class=\"a-spacing-mini\"><span class=\"a-list-item\"> ENTDECKEN SIE DIE SCH\u00d6NSTEN CAMPINGPL\u00c4TZE: Mit den vorinstallierten POIs mit Campingpl\u00e4tzen von ACSI, Wohnmobilstellpl\u00e4tzen von NKC Campercontact und kostenlosen Stellpl\u00e4tzen von Trailer\u2018s Park. Zus\u00e4tzlich Garmin, Foursquare und TripAdvisor POIs <\/span><\/li>\n<li class=\"a-spacing-mini\"><span class=\"a-list-item\"> LIVE-VERKEHRSINFOS VIA DAB+ UND GARMIN DRIVE APP: Dank DAB+ und der Garmin Drive App erhalten Sie Verkehrsinformationen in Echtzeit direkt auf Ihr Navi. So sehen Sie m\u00fchelos Verkehrsbehinderungen ein, umfahren diese und erreichen entspannt Ihr Ziel <\/span><\/li>\n<\/ul>\n<h3>Produktbeschreibung<\/h3>\n<p>Entdecken Sie einen Campingplatz nach dem anderen mit dem Camper 780 und der im Lieferumfang enthaltene R\u00fcckfahrkamera BC 40. Lassen Sie sich mit der fahrzeugspezifischen Routenf\u00fchrung auf dem hochaufl\u00f6senden rahmenlosen 6,95 Zoll-Multitouch-Display und den Hinweisen der Fahrerassistenz zu Gef\u00e4llen, Steigungen, scharfen Kurven, Gewichts- und H\u00f6henlimits, Radarkameras und mehr sicher ans Ziel bringen. Mit der R\u00fcckfahrkamera wird das Ein- und Ausparken auch in schwierigen Situationen zum Kinderspiel. Mit den Camper POIs von ACSI, NFC und Trailer\u2019s Park k\u00f6nnen Sie jederzeit einen angemessenen Zwischenstopp mit Stromanschluss, WLAN oder Duschen einlegen. Verbinden Sie Ihr Navi mit Ihrem Smartphone, um die Freisprecheinrichtung zu verwenden und Nachrichten direkt auf dem Display angezeigt und sogar vorgelesen zu bekommen. Entfalten Sie das volle Potenzial mit Garmin Echtzeitdiensten zu Verkehrsinfos, Wetter, mobilen Radarkameras und mehr.<\/p>\n<p>Sie interessieren sich f\u00fcr ein Produkt, das den digitalen \u00dcbertragungsstandard DAB (Digital Audio Broadcasting) nutzt. DAB ben\u00f6tigt m\u00f6glicherweise Software-Updates f\u00fcr eine optimale Nutzung. \u00dcberpr\u00fcfen Sie den Softwarestand Ihres Ger\u00e4tes. DAB ist nicht in allen L\u00e4ndern verf\u00fcgbar.<\/p>\n<h3>Rechtliche Hinweise<\/h3>\n<p>Neuware vom Fachh\u00e4ndler, Rechnung inkl. MwSt., Versand an Packstation m\u00f6glich<\/p>\n<\/div>\n<div id=\"important-information\" class=\"a-section a-spacing-extra-large bucket\">\n<h2>Wichtige Informationen<\/h2>\n<div class=\"a-section content\">\n<h4>Haftungsausschluss<\/h4>\n<p>Neuware vom Fachh\u00e4ndler, Rechnung inkl. MwSt., Versand an Packstation m\u00f6glich<\/p>\n<\/div>\n<\/div>\n","protected":false},"excerpt":{"rendered":"<div id=\"productOverview_feature_div\" class=\"celwidget\" data-feature-name=\"productOverview\" data-csa-c-type=\"widget\" data-csa-c-content-id=\"productOverview\" data-csa-c-slot-id=\"productOverview_feature_div\" data-csa-c-asin=\"B08GSS1J2N\" data-csa-c-is-in-initial-active-row=\"false\" data-csa-c-id=\"pi1zzv-f566uh-8we2zg-vbrxgy\" data-cel-widget=\"productOverview_feature_div\">\n<div id=\"poExpander\" class=\"a-expander-collapsed-height a-row a-expander-container a-spacing-none a-expander-partial-collapse-container\" style=\"height: 210px;\" data-a-expander-name=\"product_overview\" data-a-expander-collapsed-height=\"210\">\n<div class=\"a-expander-content a-expander-partial-collapse-content\" style=\"padding-bottom: 20px;\" aria-expanded=\"false\">\n<div class=\"a-section a-spacing-small a-spacing-top-small\">\n<table class=\"a-normal a-spacing-micro\">\n<tbody>\n<tr class=\"a-spacing-small po-brand\">\n<td class=\"a-span3\"><span class=\"a-size-base a-text-bold\">Marke<\/span><\/td>\n<td class=\"a-span9\"><span class=\"a-size-base po-break-word\">Garmin<\/span><\/td>\n<\/tr>\n<tr class=\"a-spacing-small po-model_name\">\n<td class=\"a-span3\"><span class=\"a-size-base a-text-bold\">Modellname<\/span><\/td>\n<td class=\"a-span9\"><span class=\"a-size-base po-break-word\">Camper 780 MT-D EU<\/span><\/td>\n<\/tr>\n<tr class=\"a-spacing-small po-compatible_with_vehicle_type\">\n<td class=\"a-span3\"><span class=\"a-size-base a-text-bold\">Fahrzeugservicetyp<\/span><\/td>\n<td class=\"a-span9\"><span class=\"a-size-base po-break-word\">Camper<\/span><\/td>\n<\/tr>\n<tr class=\"a-spacing-small po-special_feature\">\n<td class=\"a-span3\"><span class=\"a-size-base a-text-bold\">Besonderes Merkmal<\/span><\/td>\n<td class=\"a-span9\"><span class=\"a-size-base po-break-word\">Touchscreen<\/span><\/td>\n<\/tr>\n<tr class=\"a-spacing-small po-connectivity_technology\">\n<td class=\"a-span3\"><span class=\"a-size-base a-text-bold\">Konnektivit\u00e4tstechnologie<\/span><\/td>\n<td class=\"a-span9\"><span class=\"a-size-base po-break-word\">WLAN<\/span><\/td>\n<\/tr>\n<tr class=\"a-spacing-small po-map_type\">\n<td class=\"a-span3\"><span class=\"a-size-base a-text-bold\">Kartentyp<\/span><\/td>\n<td class=\"a-span9\"><span class=\"a-size-base po-break-word\">Europa<\/span><\/td>\n<\/tr>\n<tr class=\"a-spacing-small po-included_components\">\n<td class=\"a-span3\"><span class=\"a-size-base a-text-bold\">Enthaltene Komponenten<\/span><\/td>\n<td class=\"a-span9\"><span class=\"a-size-base\"> <span class=\"a-truncate po-truncate-attribute\" style=\"line-height: 1.3em !important;\" data-a-word-break=\"normal\" data-a-truncate-name=\"po-attribute-truncate-6\" data-a-max-rows=\"3\" data-a-overflow-marker=\"&amp;hellip;\" data-a-recalculate=\"false\" data-a-updated=\"true\"><span class=\"a-truncate-full a-offscreen\">1x Garmin Camper 780 MT-S EU, 1x Garmin BC 40 R\u00fcckfahrkamera, 1x KFZ-Anschlusskabel, 1x Saugnapfhalterung, 1x USB-Kabel, 1x Schnellstartanleitung<\/span><span class=\"a-truncate-cut\" style=\"height: 3.9em;\" aria-hidden=\"true\">1x Garmin Camper 780 MT-S EU, 1x Garmin BC 40 R\u00fcck\u2026<\/span><\/span> <\/span> <span id=\"po-attribute-see-more-id-6\" class=\"a-declarative\" data-action=\"a-modal\" data-csa-c-type=\"widget\" data-csa-c-func-deps=\"aui-da-a-modal\" data-a-modal=\"{&quot;max-height&quot;:&quot;400&quot;,&quot;width&quot;:&quot;800&quot;,&quot;header&quot;:&quot;Enthaltene Komponenten&quot;,&quot;inlineContent&quot;:&quot;1x Garmin Camper 780 MT-S EU, 1x Garmin BC 40 R\u00fcckfahrkamera, 1x KFZ-Anschlusskabel, 1x Saugnapfhalterung, 1x USB-Kabel, 1x Schnellstartanleitung&quot;}\" data-csa-c-id=\"nzkqgs-38dcvr-y2h1zj-fn9nyp\"> <a class=\"a-popover-trigger a-declarative\" role=\"button\" href=\"#void(0)\">Mehr anzeigen<i class=\"a-icon a-icon-popover\"><\/i><\/a> <\/span><\/td>\n<\/tr>\n<tr class=\"a-spacing-small po-item_dimensions\">\n<td class=\"a-span3\"><span class=\"a-size-base a-text-bold\">Artikelma\u00dfe L x B x H<\/span><\/td>\n<td class=\"a-span9\"><span class=\"a-size-base po-break-word\">17,3 x 9,9 x 1,9 cm<\/span><\/td>\n<\/tr>\n<tr class=\"a-spacing-small po-item_weight\">\n<td class=\"a-span3\"><span class=\"a-size-base a-text-bold\">Artikelgewicht<\/span><\/td>\n<td class=\"a-span9\"><span class=\"a-size-base po-break-word\">240 Gramm<\/span><\/td>\n<\/tr>\n<tr class=\"a-spacing-small po-model_year\">\n<td class=\"a-span3\"><span class=\"a-size-base a-text-bold\">Modelljahr<\/span><\/td>\n<td class=\"a-span9\"><span class=\"a-size-base po-break-word\">2020<\/span><\/td>\n<\/tr>\n<\/tbody>\n<\/table>\n<\/div>\n<\/div>\n<\/div>\n<\/div>\n<div>\n<p>&nbsp;<\/p>\n<\/div>\n","protected":false},"featured_media":10101,"comment_status":"open","ping_status":"closed","template":"","meta":[],"product_cat":[555],"product_tag":[],"class_list":["post-10107","product","type-product","status-publish","has-post-thumbnail","hentry","product_cat-navigation-gps-zubehor"],"_links":{"self":[{"href":"https:\/\/laserfanatics.com\/index.php\/wp-json\/wp\/v2\/product\/10107","targetHints":{"allow":["GET"]}}],"collection":[{"href":"https:\/\/laserfanatics.com\/index.php\/wp-json\/wp\/v2\/product"}],"about":[{"href":"https:\/\/laserfanatics.com\/index.php\/wp-json\/wp\/v2\/types\/product"}],"replies":[{"embeddable":true,"href":"https:\/\/laserfanatics.com\/index.php\/wp-json\/wp\/v2\/comments?post=10107"}],"version-history":[{"count":2,"href":"https:\/\/laserfanatics.com\/index.php\/wp-json\/wp\/v2\/product\/10107\/revisions"}],"predecessor-version":[{"id":11018,"href":"https:\/\/laserfanatics.com\/index.php\/wp-json\/wp\/v2\/product\/10107\/revisions\/11018"}],"wp:featuredmedia":[{"embeddable":true,"href":"https:\/\/laserfanatics.com\/index.php\/wp-json\/wp\/v2\/media\/10101"}],"wp:attachment":[{"href":"https:\/\/laserfanatics.com\/index.php\/wp-json\/wp\/v2\/media?parent=10107"}],"wp:term":[{"taxonomy":"product_cat","embeddable":true,"href":"https:\/\/laserfanatics.com\/index.php\/wp-json\/wp\/v2\/product_cat?post=10107"},{"taxonomy":"product_tag","embeddable":true,"href":"https:\/\/laserfanatics.com\/index.php\/wp-json\/wp\/v2\/product_tag?post=10107"}],"curies":[{"name":"wp","href":"https:\/\/api.w.org\/{rel}","templated":true}]}}