{"id":10713,"date":"2023-08-15T00:55:00","date_gmt":"2023-08-15T00:55:00","guid":{"rendered":"https:\/\/laserfanatics.com\/?post_type=product&#038;p=10713"},"modified":"2026-02-06T11:44:35","modified_gmt":"2026-02-06T09:44:35","slug":"aeezo-wifi-digitaler-bilderrahmen-10-1-zoll-ips-touchscreen-automatische-drehung-einfache-einrichtung-zur-gemeinsamen-nutzung","status":"publish","type":"product","link":"https:\/\/laserfanatics.com\/index.php\/product\/aeezo-wifi-digitaler-bilderrahmen-10-1-zoll-ips-touchscreen-automatische-drehung-einfache-einrichtung-zur-gemeinsamen-nutzung\/","title":{"rendered":"AEEZO WiFi Digitaler Bilderrahmen 10.1 Zoll IPS Touchscreen, Automatische Drehung, Einfache Einrichtung zur Gemeinsamen Nutzung"},"content":{"rendered":"<div id=\"productDescription\" class=\"a-section a-spacing-small\">\n<ul>\n<li class=\"a-spacing-mini\"><span class=\"a-list-item\">\u2764 A DAS PERFEKTE GESCHENK, UM SIE IN VERBINDUNG ZU HALTEN: Tauschen Sie Fotos von Ihrem Handy \u00fcber Frameo-App sofort mit einem digitalen Bilderrahmen von AEEZO aus; Laden Sie eine unbegrenzte Anzahl von Freunden und Familienmitgliedern ein, Bilder auf Ihren Rahmen zu \u00fcbertragen oder Fotos \u00fcber WiFi an deren Rahmen zu senden; au\u00dferdem ist es ein perfektes Geschenk f\u00fcr \u00e4ltere Menschen, die nicht gut mit Smartphones umgehen k\u00f6nnen, um mit der j\u00fcngeren Generation in Verbindung zu bleiben. <\/span><\/li>\n<li class=\"a-spacing-mini\"><span class=\"a-list-item\"> \u2764 KOSTENLOSER FOTOTOTRANSFER: Frameo ist eine professionelle Fotoverwaltungsanwendung, die aus D\u00e4nemark stammt und Benutzer in \u00fcber 25 L\u00e4ndern auf der ganzen Welt hat. Sie steht an erster Stelle im App Store und ist die beliebteste Album-Software. Mit dem digitalen Rahmen AEEZO k\u00f6nnen Sie Fotos ein Leben lang kostenlos und in unbegrenzter Menge hochladen. Auch mit USB-Anschluss und SD-Kartensteckplatz, um Ihnen mehr Optionen f\u00fcr die Speicherung und Verwaltung von Dateien zu bieten. <\/span><\/li>\n<li class=\"a-spacing-mini\"><span class=\"a-list-item\"> \u2764 HOHE DEFINITIONS-TOUCHSCREEN: Der 10.1-Zoll-IPS-HD-Touchscreen mit einer Aufl\u00f6sung von 1280*800 kann erstaunlich klare und lebendige Landschafts- und Portr\u00e4taufnahmen darstellen und Ihre wertvollen Erinnerungen wachrufen. Mit einem schnellen Fingertipp k\u00f6nnen Sie durch Fotos bl\u00e4ttern, Videos l\u00f6schen oder die Diashow anhalten. Helligkeit und Schlafmodus k\u00f6nnen in den Einstellungen nach Belieben eingestellt werden. <\/span><\/li>\n<li class=\"a-spacing-mini\"><span class=\"a-list-item\"> \u2764 AUTO-ROTIERENDER &amp; GRO\u00dfER INTERNER SPEICHER: Der AEEZO Bilderrahmen kann Fotos automatisch drehen, um die Richtung anzupassen. Dadurch k\u00f6nnen Sie den WiFi-Fotorahmen entweder im Hoch- oder Querformat oder an der Wand platzieren. Der integrierte 16-GB-Speicher bietet eine enorme Speicherkapazit\u00e4t. Und Sie k\u00f6nnen SD-Karten oder ein USB-Laufwerk (bis zu 64 GB) einsetzen, um den Speicher und die Verwaltung zu erweitern. <\/span><\/li>\n<li class=\"a-spacing-mini\"><span class=\"a-list-item\"> \u2764 NO RISIKOKAUF &amp; 1 JAHR GARANTIE: Unsere Fabrik hat strenge Normen f\u00fcr Rohmaterialien, um die Qualit\u00e4t dieser intelligenten Rahmen zu gew\u00e4hrleisten. Vor dem Versand werden alle WIFI-Rahmen einem 200-st\u00fcndigen Maschinenalterungstest unterzogen, um sicherzustellen, dass jeder Bilderrahmen vor der Auslieferung gut l\u00e4uft. Au\u00dferdem bieten wir lebenslangen Betreuung , ein Jahr Garantie und eine prompte Antwort innerhalb von 24 Stunden.<\/span><\/li>\n<\/ul>\n<p><span class=\"a-text-bold\">Hauptmerkmale<\/span><br \/>\n<span class=\"a-text-bold\">Einfache Einrichtung und Verwendung<\/span><br \/>\nDer digitale Fotorahmen AEEZO erm\u00f6glicht eine schnelle Plug-and-Play-Einrichtung. Nur wenige Schritte, um die Einrichtung abzuschlie\u00dfen, auch f\u00fcr Personen, die nicht an Computer oder soziale Medien gew\u00f6hnt sind. Als Fotoempf\u00e4nger m\u00fcssen Sie kein Konto erstellen, Sie m\u00fcssen sich nicht bei Facebook oder per E-Mail anmelden. Sie m\u00fcssen nur den Rahmen mit WiFi verbinden und den Code f\u00fcr die Telefonanwendung freigeben, um eine Verbindung herzustellen. Empfangen Sie dann Fotos oder Videos von Ihrer Familie oder Ihren Freunden. Einfach, leicht und sicher!<\/p>\n<p><span class=\"a-text-bold\">Freigabe \u00fcber Free Frameo App<\/span><br \/>\nFrameo App ist eine lebenslange kostenlose und benutzerfreundliche Anwendung. Sie ist sowohl f\u00fcr Android als auch f\u00fcr iOS verf\u00fcgbar und belegt im App Store mit 4,8 Sternen den ersten Platz. Sie brauchen sie nur auf Ihr Handy herunterzuladen und sie dann mit dem digitalen Bilderrahmen AEEZO mit dem Code aus dem Rahmen zu koppeln. Jetzt k\u00f6nnen Sie Ihre Fotos oder kleinen Videos (max.15 Sekunden) an Ihre Lieben aus der ganzen Welt schicken. Sie k\u00f6nnen bis zu 10 Fotos an einen oder mehrere Rahmen gleichzeitig senden.<\/p>\n<p><span class=\"a-text-bold\">Hochaufl\u00f6sender Touchscreen<\/span><br \/>\nDer 9-Zoll-IPS-HD-Touchscreen mit einer Aufl\u00f6sung von 1280*800 Pixeln kann verbl\u00fcffend klare und lebendige Landschafts- und Portr\u00e4tdarstellungen zeigen und Ihre wertvollen Erinnerungen wieder aufleben lassen. Mit einem schnellen Fingertipp k\u00f6nnen Sie durch Fotos bl\u00e4ttern, Videos l\u00f6schen oder die Diashow anhalten.<\/p>\n<p><span class=\"a-text-bold\">Automatische rotierend &amp; wandmontierbar<\/span><br \/>\nDer digitale Bilderrahmen AEEZO kann Fotos automatisch drehen, um die Richtung anzupassen, und der Rand wird gef\u00fcllt, um den Hintergrund zu verwischen. Keine schwarzen Flecken auf jeder Seite. Keine abgetrennten K\u00f6pfe. Sie k\u00f6nnen sogar einstellen, welcher Teil des Bildes angezeigt werden soll.<\/p>\n<\/div>\n","protected":false},"excerpt":{"rendered":"<div id=\"productOverview_feature_div\" class=\"celwidget\" data-feature-name=\"productOverview\" data-csa-c-type=\"widget\" data-csa-c-content-id=\"productOverview\" data-csa-c-slot-id=\"productOverview_feature_div\" data-csa-c-asin=\"B08K3DHG2M\" data-csa-c-is-in-initial-active-row=\"false\" data-csa-c-id=\"yxc7bf-ih4xvz-nj4tgo-io0iax\" data-cel-widget=\"productOverview_feature_div\">\n<div id=\"poExpander\" class=\"a-expander-collapsed-height a-row a-expander-container a-spacing-none a-expander-partial-collapse-container\" style=\"height: 210px;\" data-a-expander-name=\"product_overview\" data-a-expander-collapsed-height=\"210\">\n<div class=\"a-expander-content a-expander-partial-collapse-content\" style=\"padding-bottom: 20px;\" aria-expanded=\"false\">\n<div class=\"a-section a-spacing-small a-spacing-top-small\">\n<table class=\"a-normal a-spacing-micro\">\n<tbody>\n<tr class=\"a-spacing-small po-brand\">\n<td class=\"a-span3\"><span class=\"a-size-base a-text-bold\">Marke<\/span><\/td>\n<td class=\"a-span9\"><span class=\"a-size-base po-break-word\">AEEZO<\/span><\/td>\n<\/tr>\n<tr class=\"a-spacing-small po-color\">\n<td class=\"a-span3\"><span class=\"a-size-base a-text-bold\">Farbe<\/span><\/td>\n<td class=\"a-span9\"><span class=\"a-size-base po-break-word\">Wei\u00df<\/span><\/td>\n<\/tr>\n<tr class=\"a-spacing-small po-resolution\">\n<td class=\"a-span3\"><span class=\"a-size-base a-text-bold\">Aufl\u00f6sung<\/span><\/td>\n<td class=\"a-span9\"><span class=\"a-size-base po-break-word\">1280 x 800<\/span><\/td>\n<\/tr>\n<tr class=\"a-spacing-small po-compatible_devices\">\n<td class=\"a-span3\"><span class=\"a-size-base a-text-bold\">Kompatible Ger\u00e4te<\/span><\/td>\n<td class=\"a-span9\"><span class=\"a-size-base po-break-word\">Apple Phone, Android Phone<\/span><\/td>\n<\/tr>\n<tr class=\"a-spacing-small po-connectivity_technology\">\n<td class=\"a-span3\"><span class=\"a-size-base a-text-bold\">Konnektivit\u00e4tstechnologie<\/span><\/td>\n<td class=\"a-span9\"><span class=\"a-size-base po-break-word\">WLAN<\/span><\/td>\n<\/tr>\n<tr class=\"a-spacing-small po-power_source_type\">\n<td class=\"a-span3\"><span class=\"a-size-base a-text-bold\">Stromquelle<\/span><\/td>\n<td class=\"a-span9\"><span class=\"a-size-base po-break-word\">AC (Wechselstrom)<\/span><\/td>\n<\/tr>\n<tr class=\"a-spacing-small po-human_interface_input\">\n<td class=\"a-span3\"><span class=\"a-size-base a-text-bold\">Eingabe \u00fcber menschliche Schnittstelle<\/span><\/td>\n<td class=\"a-span9\"><span class=\"a-size-base po-break-word\">Touchscreen<\/span><\/td>\n<\/tr>\n<tr class=\"a-spacing-small po-frame.material\">\n<td class=\"a-span3\"><span class=\"a-size-base a-text-bold\">Rahmenmaterial<\/span><\/td>\n<td class=\"a-span9\"><span class=\"a-size-base po-break-word\">Kunststoff<\/span><\/td>\n<\/tr>\n<tr class=\"a-spacing-small po-memory_storage_capacity\">\n<td class=\"a-span3\"><span class=\"a-size-base a-text-bold\">Speicherkapazit\u00e4t<\/span><\/td>\n<td class=\"a-span9\"><span class=\"a-size-base po-break-word\">16 GB<\/span><\/td>\n<\/tr>\n<tr class=\"a-spacing-small po-control_method\">\n<td class=\"a-span3\"><span class=\"a-size-base a-text-bold\">Steuerungsmethode<\/span><\/td>\n<td class=\"a-span9\"><span class=\"a-size-base po-break-word\">App, Ber\u00fchren<\/span><\/td>\n<\/tr>\n<\/tbody>\n<\/table>\n<\/div>\n<\/div>\n<\/div>\n<\/div>\n<div>\n<p>&nbsp;<\/p>\n<\/div>\n","protected":false},"featured_media":10662,"comment_status":"open","ping_status":"closed","template":"","meta":[],"product_cat":[554],"product_tag":[],"class_list":["post-10713","product","type-product","status-publish","has-post-thumbnail","hentry","product_cat-digitaler-bilderrahmen"],"_links":{"self":[{"href":"https:\/\/laserfanatics.com\/index.php\/wp-json\/wp\/v2\/product\/10713","targetHints":{"allow":["GET"]}}],"collection":[{"href":"https:\/\/laserfanatics.com\/index.php\/wp-json\/wp\/v2\/product"}],"about":[{"href":"https:\/\/laserfanatics.com\/index.php\/wp-json\/wp\/v2\/types\/product"}],"replies":[{"embeddable":true,"href":"https:\/\/laserfanatics.com\/index.php\/wp-json\/wp\/v2\/comments?post=10713"}],"version-history":[{"count":3,"href":"https:\/\/laserfanatics.com\/index.php\/wp-json\/wp\/v2\/product\/10713\/revisions"}],"predecessor-version":[{"id":11003,"href":"https:\/\/laserfanatics.com\/index.php\/wp-json\/wp\/v2\/product\/10713\/revisions\/11003"}],"wp:featuredmedia":[{"embeddable":true,"href":"https:\/\/laserfanatics.com\/index.php\/wp-json\/wp\/v2\/media\/10662"}],"wp:attachment":[{"href":"https:\/\/laserfanatics.com\/index.php\/wp-json\/wp\/v2\/media?parent=10713"}],"wp:term":[{"taxonomy":"product_cat","embeddable":true,"href":"https:\/\/laserfanatics.com\/index.php\/wp-json\/wp\/v2\/product_cat?post=10713"},{"taxonomy":"product_tag","embeddable":true,"href":"https:\/\/laserfanatics.com\/index.php\/wp-json\/wp\/v2\/product_tag?post=10713"}],"curies":[{"name":"wp","href":"https:\/\/api.w.org\/{rel}","templated":true}]}}