{"id":11176,"date":"2026-02-06T12:58:40","date_gmt":"2026-02-06T10:58:40","guid":{"rendered":"https:\/\/laserfanatics.com\/?post_type=product&#038;p=11176"},"modified":"2026-02-06T13:00:12","modified_gmt":"2026-02-06T11:00:12","slug":"laserworld-el-230rgb-mkii-extrem-laser","status":"publish","type":"product","link":"https:\/\/laserfanatics.com\/index.php\/product\/laserworld-el-230rgb-mkii-extrem-laser\/","title":{"rendered":"Laserworld EL-230RGB MKII EXTREM-LASER"},"content":{"rendered":"<div class=\"text-original js-prod-text-original \">\n<h2 class=\"fx-headline fx-headline--3 fx-space-bottom--m\">Mehrfarbiger Wei\u00dflicht-Laser<\/h2>\n<ul class=\"fx-list product-text__list\">\n<li class=\"fx-list__item list-item fx-list__item--circle\"><span class=\"fx-text fx-text--plus list-item__text\">Plug &amp; Play und DMX steuerbar<\/span><\/li>\n<li class=\"fx-list__item list-item fx-list__item--circle\"><span class=\"fx-text fx-text--plus list-item__text\">verschiedene Raumeffekte, Wellen- und Tunneleffekte k\u00f6nnen dargestellt werden<\/span><\/li>\n<li class=\"fx-list__item list-item fx-list__item--circle\"><span class=\"fx-text fx-text--plus list-item__text\">ideal f\u00fcr eine stimmungsvolle Atmosph\u00e4re auf privaten Partys, kleinen Bars und f\u00fcr mobile DJ Events<\/span><\/li>\n<li class=\"fx-list__item list-item fx-list__item--circle\"><span class=\"fx-text fx-text--plus list-item__text\">Gesamtleistung typisch: 230 mW<\/span><\/li>\n<li class=\"fx-list__item list-item fx-list__item--circle\"><span class=\"fx-text fx-text--plus list-item__text\">7 Farben inklusive Wei\u00df<\/span><\/li>\n<li class=\"fx-list__item list-item fx-list__item--circle\"><span class=\"fx-text fx-text--plus list-item__text\">ca. 50 Basiseffekte (Ebenen, Tunnel, Gitter, Wellen etc.)<\/span><\/li>\n<li class=\"fx-list__item list-item fx-list__item--circle\"><span class=\"fx-text fx-text--plus list-item__text\">Stand-alone Modus<\/span><\/li>\n<li class=\"fx-list__item list-item fx-list__item--circle\"><span class=\"fx-text fx-text--plus list-item__text\">Sound-to-light Modus<\/span><\/li>\n<li class=\"fx-list__item list-item fx-list__item--circle\"><span class=\"fx-text fx-text--plus list-item__text\">DMX steuerbar<\/span><\/li>\n<li class=\"fx-list__item list-item fx-list__item--circle\"><span class=\"fx-text fx-text--plus list-item__text\">garantierte Leistung: 170 mW<\/span><\/li>\n<li class=\"fx-list__item list-item fx-list__item--circle\"><span class=\"fx-text fx-text--plus list-item__text\">Leistung Rot: 100 mW \/ 650 nm<\/span><\/li>\n<li class=\"fx-list__item list-item fx-list__item--circle\"><span class=\"fx-text fx-text--plus list-item__text\">Leistung Gr\u00fcn: 20 mW \/ 532 nm<\/span><\/li>\n<li class=\"fx-list__item list-item fx-list__item--circle\"><span class=\"fx-text fx-text--plus list-item__text\">Leistung Blau: 50 mW \/ 445 nm<\/span><\/li>\n<li class=\"fx-list__item list-item fx-list__item--circle\"><span class=\"fx-text fx-text--plus list-item__text\">Strahldaten: ca. 4 mm \/ 1 mrad<\/span><\/li>\n<li class=\"fx-list__item list-item fx-list__item--circle\"><span class=\"fx-text fx-text--plus list-item__text\">Scanner: High-Speed Schrittmotoren mit 2-5 kpps<\/span><\/li>\n<li class=\"fx-list__item list-item fx-list__item--circle\"><span class=\"fx-text fx-text--plus list-item__text\">max. Scanwinkel: 30\u00b0<\/span><\/li>\n<li class=\"fx-list__item list-item fx-list__item--circle\"><span class=\"fx-text fx-text--plus list-item__text\">Betriebsmodi: Stand-Alone, Sound-to-Light, DMX<\/span><\/li>\n<li class=\"fx-list__item list-item fx-list__item--circle\"><span class=\"fx-text fx-text--plus list-item__text\">Laserklasse: 3B<\/span><\/li>\n<li class=\"fx-list__item list-item fx-list__item--circle\"><span class=\"fx-text fx-text--plus list-item__text\">Laserquelle: Diode, DPSS Laser<\/span><\/li>\n<li class=\"fx-list__item list-item fx-list__item--circle\"><span class=\"fx-text fx-text--plus list-item__text\">Stromversorgung: 85 V &#8211; 250 V AC<\/span><\/li>\n<li class=\"fx-list__item list-item fx-list__item--circle\"><span class=\"fx-text fx-text--plus list-item__text\">Stromverbrauch: 15 W<\/span><\/li>\n<li class=\"fx-list__item list-item fx-list__item--circle\"><span class=\"fx-text fx-text--plus list-item__text\">Ma\u00dfe: 205 x 145 x 70 mm<\/span><\/li>\n<li class=\"fx-list__item list-item fx-list__item--circle\"><span class=\"fx-text fx-text--plus list-item__text\">Gewicht: 2,6 kg<\/span><\/li>\n<li class=\"fx-list__item list-item fx-list__item--circle\"><span class=\"fx-text fx-text--plus list-item__text\">inkl. Stromkabel, Interlock und Schl\u00fcssel<\/span><\/li>\n<\/ul>\n<p class=\"fx-text fx-text--plus product-text__description\"><span style=\"color: red;\"><b>Achtung:<\/b> Dieses Ger\u00e4t beinhaltet einen Laser ab der Klasse 3R (entsprechend der Klassifizierung nach DIN EN 60825-1:2015)<\/span><\/p>\n<\/div>\n","protected":false},"excerpt":{"rendered":"<h2 class=\"fx-headline fx-headline--1 rich-content__headline rich-content__headline--1\">Einsteigerlaser mit tollen Farben<\/h2>\n","protected":false},"featured_media":11175,"comment_status":"open","ping_status":"closed","template":"","meta":[],"product_cat":[556],"product_tag":[],"class_list":["post-11176","product","type-product","status-publish","has-post-thumbnail","hentry","product_cat-stage-laser-light"],"_links":{"self":[{"href":"https:\/\/laserfanatics.com\/index.php\/wp-json\/wp\/v2\/product\/11176","targetHints":{"allow":["GET"]}}],"collection":[{"href":"https:\/\/laserfanatics.com\/index.php\/wp-json\/wp\/v2\/product"}],"about":[{"href":"https:\/\/laserfanatics.com\/index.php\/wp-json\/wp\/v2\/types\/product"}],"replies":[{"embeddable":true,"href":"https:\/\/laserfanatics.com\/index.php\/wp-json\/wp\/v2\/comments?post=11176"}],"version-history":[{"count":1,"href":"https:\/\/laserfanatics.com\/index.php\/wp-json\/wp\/v2\/product\/11176\/revisions"}],"predecessor-version":[{"id":11182,"href":"https:\/\/laserfanatics.com\/index.php\/wp-json\/wp\/v2\/product\/11176\/revisions\/11182"}],"wp:featuredmedia":[{"embeddable":true,"href":"https:\/\/laserfanatics.com\/index.php\/wp-json\/wp\/v2\/media\/11175"}],"wp:attachment":[{"href":"https:\/\/laserfanatics.com\/index.php\/wp-json\/wp\/v2\/media?parent=11176"}],"wp:term":[{"taxonomy":"product_cat","embeddable":true,"href":"https:\/\/laserfanatics.com\/index.php\/wp-json\/wp\/v2\/product_cat?post=11176"},{"taxonomy":"product_tag","embeddable":true,"href":"https:\/\/laserfanatics.com\/index.php\/wp-json\/wp\/v2\/product_tag?post=11176"}],"curies":[{"name":"wp","href":"https:\/\/api.w.org\/{rel}","templated":true}]}}